{"id":14209,"date":"2025-09-23T11:53:10","date_gmt":"2025-09-23T09:53:10","guid":{"rendered":"https:\/\/de.hycleaner-eu.de\/proteccion-de-datos\/"},"modified":"2026-03-19T15:42:26","modified_gmt":"2026-03-19T14:42:26","slug":"proteccion-de-datos","status":"publish","type":"page","link":"https:\/\/hycleaner.de\/es\/proteccion-de-datos\/","title":{"rendered":"Protecci\u00f3n de datos"},"content":{"rendered":"\t\t<div data-elementor-type=\"wp-page\" data-elementor-id=\"14209\" class=\"elementor elementor-14209 elementor-2546\" data-elementor-post-type=\"page\">\n\t\t\t\t<div class=\"elementor-element elementor-element-da1a224 e-con-full e-flex e-con e-parent\" data-id=\"da1a224\" data-element_type=\"container\" data-e-type=\"container\">\n\t\t\t\t<div class=\"elementor-element elementor-element-24fb5f3 elementor-widget elementor-widget-heading\" data-id=\"24fb5f3\" data-element_type=\"widget\" data-e-type=\"widget\" data-widget_type=\"heading.default\">\n\t\t\t\t<div class=\"elementor-widget-container\">\n\t\t\t\t\t<h1 class=\"elementor-heading-title elementor-size-default\">Pol\u00edtica de privacidad<\/h1>\t\t\t\t<\/div>\n\t\t\t\t<\/div>\n\t\t\t\t<\/div>\n\t\t<div class=\"elementor-element elementor-element-c345b5a e-con-full e-flex e-con e-parent\" data-id=\"c345b5a\" data-element_type=\"container\" data-e-type=\"container\" data-settings=\"{&quot;background_background&quot;:&quot;classic&quot;}\">\n\t\t\t\t<div class=\"elementor-element elementor-element-0fc27cf elementor-widget elementor-widget-text-editor\" data-id=\"0fc27cf\" data-element_type=\"widget\" data-e-type=\"widget\" data-widget_type=\"text-editor.default\">\n\t\t\t\t<div class=\"elementor-widget-container\">\n\t\t\t\t\t\t\t\t\t<h2>1. Informaci\u00f3n general<\/h2><p>Los operadores de este sitio web se toman muy en serio la protecci\u00f3n de sus datos personales. Tratamos sus datos personales de forma confidencial y de acuerdo con las disposiciones legales de protecci\u00f3n de datos, as\u00ed como con esta declaraci\u00f3n de protecci\u00f3n de datos. <\/p><p>Por lo general, el uso de nuestro sitio web es posible sin proporcionar datos personales. En la medida en que se recopilen datos personales (por ejemplo, nombre, direcci\u00f3n o direcci\u00f3n de correo electr\u00f3nico), esto siempre se har\u00e1, en la medida de lo posible, de forma voluntaria. Estos datos no se transmitir\u00e1n a terceros sin su consentimiento expreso.  <\/p><p>Le informamos de que la transmisi\u00f3n de datos en Internet (por ejemplo, en la comunicaci\u00f3n por correo electr\u00f3nico) puede presentar lagunas de seguridad. No es posible una protecci\u00f3n completa de los datos contra el acceso de terceros. <\/p><h2>2. Entidad responsable<\/h2><p>hyCLEANER GmbH &amp; Co. KG<br>Maybachstra\u00dfe 6<br>D-48599 Gronau, Alemania<\/p><p>Tel\u00e9fono: +49 2562 99254 0<br>Telefax: +49 2562 99254 10<br>Correo electr\u00f3nico: info@hycleaner.de<br>Sitio web: <a href=\"https:\/\/www.hycleaner.de\" target=\"_blank\" rel=\"noopener\">www.hycleaner.de<\/a><\/p><h2>3. Recopilaci\u00f3n de datos en nuestro sitio web<\/h2><h3>3.1 Cookies<\/h3><p>Nuestras p\u00e1ginas de Internet utilizan en parte las llamadas cookies. Las cookies no causan ning\u00fan da\u00f1o a su dispositivo final y no contienen virus. Sirven para que nuestra oferta sea m\u00e1s f\u00e1cil de usar, eficaz y segura.<br>La mayor\u00eda de las cookies son las llamadas cookies de sesi\u00f3n, que se borran autom\u00e1ticamente al final de su visita. Otras cookies permanecen almacenadas en su dispositivo final hasta que las borre.<br>Puede configurar su navegador para que le informe sobre la configuraci\u00f3n de cookies, permitir las cookies solo en casos individuales o activar la eliminaci\u00f3n autom\u00e1tica al cerrar el navegador. La desactivaci\u00f3n de las cookies puede limitar la funcionalidad de este sitio web.    <\/p><h3>3.2 Archivos de registro del servidor<\/h3><p>El proveedor de nuestras p\u00e1ginas recopila y almacena autom\u00e1ticamente informaci\u00f3n en los llamados archivos de registro del servidor, que su navegador transmite autom\u00e1ticamente. Esto incluye:<br>\u2013 Tipo de navegador y versi\u00f3n del navegador<br>\u2013 Sistema operativo utilizado<br>\u2013 URL de referencia<br>\u2013 Nombre de host del ordenador que accede<br>\u2013 Hora de la solicitud del servidor<br>Estos datos no son asignables a personas concretas. No se realiza una combinaci\u00f3n de estos datos con otras fuentes de datos.  <\/p><h3>3.3 Informaci\u00f3n t\u00e9cnica general<\/h3><p>Al acceder a nuestro sitio web, se recopila autom\u00e1ticamente informaci\u00f3n t\u00e9cnica (archivos de registro del servidor), por ejemplo, el tipo de navegador, el sistema operativo o el nombre de dominio de su proveedor de servicios de Internet. Esta informaci\u00f3n no permite sacar conclusiones sobre su persona y sirve para la seguridad del sistema, la estabilidad y la optimizaci\u00f3n de nuestra presencia en l\u00ednea.<br>El procesamiento se basa en nuestro inter\u00e9s leg\u00edtimo de acuerdo con el Art. 6, p\u00e1rrafo 1, letra f del RGPD.   <\/p><h3>3.4 Formulario de contacto<\/h3><p>Si nos env\u00eda consultas a trav\u00e9s del formulario de contacto, sus datos, incluidos los datos de contacto que haya indicado, se almacenar\u00e1n para procesar su consulta y en caso de que tenga preguntas de seguimiento. No transmitiremos estos datos sin su consentimiento. <\/p><h2>4. Uso de servicios externos<\/h2><h3>4.1 Google Analytics<\/h3><p>Este sitio web utiliza funciones del servicio de an\u00e1lisis web Google Analytics. El proveedor es Google Inc., 1600 Amphitheatre Parkway, Mountain View, CA 94043, EE. UU.<br>Google Analytics utiliza cookies que permiten analizar el uso del sitio web. La informaci\u00f3n generada de este modo se transmite generalmente a un servidor de Google en los EE. UU. y se almacena all\u00ed.<br>M\u00e1s informaci\u00f3n: <a href=\"https:\/\/www.google.com\/policies\/privacy\/\" target=\"_blank\" rel=\"noopener\">https:\/\/www.google.com\/policies\/privacy\/<\/a> <\/p><h3>4.2 Instagram<\/h3><p>En nuestras p\u00e1ginas est\u00e1n integradas funciones del servicio Instagram. El proveedor es Instagram Inc., 1601 Willow Road, Menlo Park, CA 94025, EE. UU.<br>Si ha iniciado sesi\u00f3n en su cuenta de Instagram, puede vincular el contenido de nuestras p\u00e1ginas con su perfil haciendo clic en el bot\u00f3n de Instagram. De este modo, Instagram puede asignar la visita a nuestras p\u00e1ginas a su cuenta de usuario.<br>M\u00e1s informaci\u00f3n: <a href=\"https:\/\/instagram.com\/about\/legal\/privacy\/\" target=\"_blank\" rel=\"noopener\">https:\/\/instagram.com\/about\/legal\/privacy\/<\/a> <\/p><h3>4.3 LinkedIn<\/h3><p>Nuestro sitio web utiliza funciones de la red LinkedIn. El proveedor es LinkedIn Corporation, 2029 Stierlin Court, Mountain View, CA 94043, EE. UU.<br>Cada vez que se accede a una p\u00e1gina que contiene funciones de LinkedIn, se establece una conexi\u00f3n con los servidores de LinkedIn. LinkedIn puede asignar su visita a su cuenta de usuario, siempre que haya iniciado sesi\u00f3n.<br>M\u00e1s informaci\u00f3n: <a href=\"https:\/\/www.linkedin.com\/legal\/privacy-policy\" target=\"_blank\" rel=\"noopener\">https:\/\/www.linkedin.com\/legal\/privacy-policy<\/a>  <\/p><h3>4.4 YouTube<\/h3><p>Nuestro sitio web utiliza plugins de la plataforma YouTube, operada por Google. El proveedor es YouTube LLC, 901 Cherry Ave., San Bruno, CA 94066, EE. UU.<br>Al visitar una p\u00e1gina con un plugin de YouTube integrado, se establece una conexi\u00f3n con YouTube. Si ha iniciado sesi\u00f3n en su cuenta de YouTube, YouTube puede asignar su comportamiento de navegaci\u00f3n directamente a su perfil.<br>M\u00e1s informaci\u00f3n: <a href=\"https:\/\/www.google.de\/intl\/de\/policies\/privacy\/\" target=\"_blank\" rel=\"noopener\">https:\/\/www.google.de\/intl\/de\/policies\/privacy\/<\/a> <\/p><h3>4.5 Google Webfonts<\/h3><p>Para una presentaci\u00f3n uniforme, utilizamos Google Webfonts. El proveedor es Google LLC. Al acceder a nuestro sitio web, se establece una conexi\u00f3n con los servidores de Google para cargar las fuentes.<br>Declaraci\u00f3n de protecci\u00f3n de datos: <a href=\"https:\/\/www.google.com\/policies\/privacy\/\" target=\"_blank\" rel=\"noopener\">https:\/\/www.google.com\/policies\/privacy\/<\/a>  <\/p><h2>5. Alojamiento<\/h2><p>Nuestros servicios de alojamiento sirven para la prestaci\u00f3n de servicios de infraestructura, almacenamiento y seguridad, as\u00ed como para el mantenimiento t\u00e9cnico.<br>En este contexto, procesamos \u2013o nuestro proveedor de alojamiento\u2013 datos de inventario, contacto, contenido, contrato, uso, meta y comunicaci\u00f3n sobre la base de nuestro inter\u00e9s leg\u00edtimo de acuerdo con el Art. 6, p\u00e1rrafo 1, letra f del RGPD en relaci\u00f3n con el Art. 28 del RGPD.  <\/p><h2>6. Seguridad mediante cifrado SSL<\/h2><p>Esta p\u00e1gina utiliza un cifrado SSL. Puede reconocer una conexi\u00f3n cifrada por \u00abhttps:\/\/\u00bb, as\u00ed como por el s\u00edmbolo del candado en la l\u00ednea del navegador. Si el cifrado SSL est\u00e1 activado, los datos que nos transmita no podr\u00e1n ser le\u00eddos por terceros.  <\/p><h2>7. Derechos de las personas afectadas<\/h2><p>Tiene derecho en todo momento a<br>\u2013 Informaci\u00f3n sobre sus datos almacenados<br>\u2013 Rectificaci\u00f3n de datos incorrectos<br>\u2013 Eliminaci\u00f3n de sus datos<br>\u2013 Limitaci\u00f3n del procesamiento<br>\u2013 Portabilidad de los datos<br>\u2013 Oposici\u00f3n al procesamiento<br>Para ejercer estos derechos, puede ponerse en contacto con nosotros en cualquier momento.<\/p><h2>8. Derecho a reclamar<\/h2><p>En caso de infracciones de la legislaci\u00f3n en materia de protecci\u00f3n de datos, tiene derecho a presentar una reclamaci\u00f3n ante la autoridad de control de la protecci\u00f3n de datos competente.<\/p><h2>9. Oposici\u00f3n a los correos electr\u00f3nicos publicitarios<\/h2><p>Por la presente, se rechaza el uso de los datos de contacto publicados en el marco de la obligaci\u00f3n de aviso legal para el env\u00edo de publicidad y materiales informativos no solicitados expresamente. Los operadores se reservan el derecho a emprender acciones legales en caso de env\u00edo no solicitado de informaci\u00f3n publicitaria. <\/p><h2>10. Tratamiento de datos seg\u00fan el Art. 6, p\u00e1rrafo 1, letra b del RGPD  <\/h2><p>La recopilaci\u00f3n y el procesamiento de datos personales se realizan para el cumplimiento de un contrato o para la ejecuci\u00f3n de medidas precontractuales de acuerdo con el Art. 6, p\u00e1rrafo 1, letra b del RGPD.  <\/p><h2>11. Modificaciones de esta declaraci\u00f3n de protecci\u00f3n de datos<\/h2><p>Nos reservamos el derecho a adaptar esta declaraci\u00f3n de protecci\u00f3n de datos en cualquier momento para que siempre cumpla con los requisitos legales actuales o para tener en cuenta las modificaciones de nuestros servicios.<\/p><p>Estado: octubre de 2025<br>Sitio web: <a href=\"https:\/\/hycleaner.de\/es\/\" target=\"_blank\" rel=\"noopener\">https:\/\/hycleaner.de<\/a><\/p>\t\t\t\t\t\t\t\t<\/div>\n\t\t\t\t<\/div>\n\t\t\t\t<\/div>\n\t\t\t\t<\/div>\n\t\t","protected":false},"excerpt":{"rendered":"<p>Pol\u00edtica de privacidad 1. Informaci\u00f3n general Los operadores de este sitio web se toman muy en serio la protecci\u00f3n de sus datos personales. Tratamos sus datos personales de forma confidencial y de acuerdo con las disposiciones legales de protecci\u00f3n de datos, as\u00ed como con esta declaraci\u00f3n de protecci\u00f3n de datos. Por lo general, el uso [&hellip;]<\/p>\n","protected":false},"author":1,"featured_media":0,"parent":0,"menu_order":101,"comment_status":"closed","ping_status":"closed","template":"","meta":{"footnotes":"","_links_to":"","_links_to_target":""},"class_list":["post-14209","page","type-page","status-publish","hentry"],"yoast_head":"<!-- This site is optimized with the Yoast SEO Premium plugin v27.3 (Yoast SEO v27.3) - https:\/\/yoast.com\/product\/yoast-seo-premium-wordpress\/ -->\n<title>Protecci\u00f3n de datos | hyCLEANER<\/title>\n<meta name=\"description\" content=\"Descubra c\u00f3mo hyCLEANER protege sus datos personales de acuerdo con el RGPD. Informaci\u00f3n sobre la recopilaci\u00f3n de datos, el uso y sus derechos.\" \/>\n<meta name=\"robots\" content=\"noindex, nofollow\" \/>\n<meta property=\"og:locale\" content=\"es_ES\" \/>\n<meta property=\"og:type\" content=\"article\" \/>\n<meta property=\"og:title\" content=\"Protecci\u00f3n de datos\" \/>\n<meta property=\"og:description\" content=\"Descubra c\u00f3mo hyCLEANER protege sus datos personales de acuerdo con el RGPD. Informaci\u00f3n sobre la recopilaci\u00f3n de datos, el uso y sus derechos.\" \/>\n<meta property=\"og:url\" content=\"https:\/\/hycleaner.de\/es\/proteccion-de-datos\/\" \/>\n<meta property=\"og:site_name\" content=\"hyCLEANER\u00ae\" \/>\n<meta property=\"article:modified_time\" content=\"2026-03-19T14:42:26+00:00\" \/>\n<meta name=\"twitter:card\" content=\"summary_large_image\" \/>\n<script type=\"application\/ld+json\" class=\"yoast-schema-graph\">{\"@context\":\"https:\\\/\\\/schema.org\",\"@graph\":[{\"@type\":\"WebPage\",\"@id\":\"https:\\\/\\\/hycleaner.de\\\/es\\\/proteccion-de-datos\\\/\",\"url\":\"https:\\\/\\\/hycleaner.de\\\/es\\\/proteccion-de-datos\\\/\",\"name\":\"Protecci\u00f3n de datos | hyCLEANER\",\"isPartOf\":{\"@id\":\"https:\\\/\\\/hycleaner.de\\\/es\\\/#website\"},\"datePublished\":\"2025-09-23T09:53:10+00:00\",\"dateModified\":\"2026-03-19T14:42:26+00:00\",\"description\":\"Descubra c\u00f3mo hyCLEANER protege sus datos personales de acuerdo con el RGPD. Informaci\u00f3n sobre la recopilaci\u00f3n de datos, el uso y sus derechos.\",\"breadcrumb\":{\"@id\":\"https:\\\/\\\/hycleaner.de\\\/es\\\/proteccion-de-datos\\\/#breadcrumb\"},\"inLanguage\":\"es\",\"potentialAction\":[{\"@type\":\"ReadAction\",\"target\":[\"https:\\\/\\\/hycleaner.de\\\/es\\\/proteccion-de-datos\\\/\"]}]},{\"@type\":\"BreadcrumbList\",\"@id\":\"https:\\\/\\\/hycleaner.de\\\/es\\\/proteccion-de-datos\\\/#breadcrumb\",\"itemListElement\":[{\"@type\":\"ListItem\",\"position\":1,\"name\":\"Startseite\",\"item\":\"https:\\\/\\\/hycleaner.de\\\/es\\\/inicio\\\/\"},{\"@type\":\"ListItem\",\"position\":2,\"name\":\"Protecci\u00f3n de datos\"}]},{\"@type\":\"WebSite\",\"@id\":\"https:\\\/\\\/hycleaner.de\\\/es\\\/#website\",\"url\":\"https:\\\/\\\/hycleaner.de\\\/es\\\/\",\"name\":\"hyCLEANER\u00ae\",\"description\":\"Experte f\u00fcr Reinigungsroboter\",\"publisher\":{\"@id\":\"https:\\\/\\\/hycleaner.de\\\/es\\\/#organization\"},\"potentialAction\":[{\"@type\":\"SearchAction\",\"target\":{\"@type\":\"EntryPoint\",\"urlTemplate\":\"https:\\\/\\\/hycleaner.de\\\/es\\\/?s={search_term_string}\"},\"query-input\":{\"@type\":\"PropertyValueSpecification\",\"valueRequired\":true,\"valueName\":\"search_term_string\"}}],\"inLanguage\":\"es\"},{\"@type\":\"Organization\",\"@id\":\"https:\\\/\\\/hycleaner.de\\\/es\\\/#organization\",\"name\":\"hyCLEANER\u00ae\",\"url\":\"https:\\\/\\\/hycleaner.de\\\/es\\\/\",\"logo\":{\"@type\":\"ImageObject\",\"inLanguage\":\"es\",\"@id\":\"https:\\\/\\\/hycleaner.de\\\/es\\\/#\\\/schema\\\/logo\\\/image\\\/\",\"url\":\"https:\\\/\\\/hycleaner.de\\\/wp-content\\\/uploads\\\/2026\\\/02\\\/logos-miete-hyc-470x200-1.webp\",\"contentUrl\":\"https:\\\/\\\/hycleaner.de\\\/wp-content\\\/uploads\\\/2026\\\/02\\\/logos-miete-hyc-470x200-1.webp\",\"width\":470,\"height\":200,\"caption\":\"hyCLEANER\u00ae\"},\"image\":{\"@id\":\"https:\\\/\\\/hycleaner.de\\\/es\\\/#\\\/schema\\\/logo\\\/image\\\/\"}}]}<\/script>\n<!-- \/ Yoast SEO Premium plugin. -->","yoast_head_json":{"title":"Protecci\u00f3n de datos | hyCLEANER","description":"Descubra c\u00f3mo hyCLEANER protege sus datos personales de acuerdo con el RGPD. Informaci\u00f3n sobre la recopilaci\u00f3n de datos, el uso y sus derechos.","robots":{"index":"noindex","follow":"nofollow"},"og_locale":"es_ES","og_type":"article","og_title":"Protecci\u00f3n de datos","og_description":"Descubra c\u00f3mo hyCLEANER protege sus datos personales de acuerdo con el RGPD. Informaci\u00f3n sobre la recopilaci\u00f3n de datos, el uso y sus derechos.","og_url":"https:\/\/hycleaner.de\/es\/proteccion-de-datos\/","og_site_name":"hyCLEANER\u00ae","article_modified_time":"2026-03-19T14:42:26+00:00","twitter_card":"summary_large_image","schema":{"@context":"https:\/\/schema.org","@graph":[{"@type":"WebPage","@id":"https:\/\/hycleaner.de\/es\/proteccion-de-datos\/","url":"https:\/\/hycleaner.de\/es\/proteccion-de-datos\/","name":"Protecci\u00f3n de datos | hyCLEANER","isPartOf":{"@id":"https:\/\/hycleaner.de\/es\/#website"},"datePublished":"2025-09-23T09:53:10+00:00","dateModified":"2026-03-19T14:42:26+00:00","description":"Descubra c\u00f3mo hyCLEANER protege sus datos personales de acuerdo con el RGPD. Informaci\u00f3n sobre la recopilaci\u00f3n de datos, el uso y sus derechos.","breadcrumb":{"@id":"https:\/\/hycleaner.de\/es\/proteccion-de-datos\/#breadcrumb"},"inLanguage":"es","potentialAction":[{"@type":"ReadAction","target":["https:\/\/hycleaner.de\/es\/proteccion-de-datos\/"]}]},{"@type":"BreadcrumbList","@id":"https:\/\/hycleaner.de\/es\/proteccion-de-datos\/#breadcrumb","itemListElement":[{"@type":"ListItem","position":1,"name":"Startseite","item":"https:\/\/hycleaner.de\/es\/inicio\/"},{"@type":"ListItem","position":2,"name":"Protecci\u00f3n de datos"}]},{"@type":"WebSite","@id":"https:\/\/hycleaner.de\/es\/#website","url":"https:\/\/hycleaner.de\/es\/","name":"hyCLEANER\u00ae","description":"Experte f\u00fcr Reinigungsroboter","publisher":{"@id":"https:\/\/hycleaner.de\/es\/#organization"},"potentialAction":[{"@type":"SearchAction","target":{"@type":"EntryPoint","urlTemplate":"https:\/\/hycleaner.de\/es\/?s={search_term_string}"},"query-input":{"@type":"PropertyValueSpecification","valueRequired":true,"valueName":"search_term_string"}}],"inLanguage":"es"},{"@type":"Organization","@id":"https:\/\/hycleaner.de\/es\/#organization","name":"hyCLEANER\u00ae","url":"https:\/\/hycleaner.de\/es\/","logo":{"@type":"ImageObject","inLanguage":"es","@id":"https:\/\/hycleaner.de\/es\/#\/schema\/logo\/image\/","url":"https:\/\/hycleaner.de\/wp-content\/uploads\/2026\/02\/logos-miete-hyc-470x200-1.webp","contentUrl":"https:\/\/hycleaner.de\/wp-content\/uploads\/2026\/02\/logos-miete-hyc-470x200-1.webp","width":470,"height":200,"caption":"hyCLEANER\u00ae"},"image":{"@id":"https:\/\/hycleaner.de\/es\/#\/schema\/logo\/image\/"}}]}},"_links":{"self":[{"href":"https:\/\/hycleaner.de\/es\/wp-json\/wp\/v2\/pages\/14209","targetHints":{"allow":["GET"]}}],"collection":[{"href":"https:\/\/hycleaner.de\/es\/wp-json\/wp\/v2\/pages"}],"about":[{"href":"https:\/\/hycleaner.de\/es\/wp-json\/wp\/v2\/types\/page"}],"author":[{"embeddable":true,"href":"https:\/\/hycleaner.de\/es\/wp-json\/wp\/v2\/users\/1"}],"replies":[{"embeddable":true,"href":"https:\/\/hycleaner.de\/es\/wp-json\/wp\/v2\/comments?post=14209"}],"version-history":[{"count":0,"href":"https:\/\/hycleaner.de\/es\/wp-json\/wp\/v2\/pages\/14209\/revisions"}],"wp:attachment":[{"href":"https:\/\/hycleaner.de\/es\/wp-json\/wp\/v2\/media?parent=14209"}],"curies":[{"name":"wp","href":"https:\/\/api.w.org\/{rel}","templated":true}]}}