{"id":14397,"date":"2025-09-23T11:52:57","date_gmt":"2025-09-23T09:52:57","guid":{"rendered":"https:\/\/de.hycleaner-eu.de\/aviso-legal\/"},"modified":"2026-03-19T15:42:24","modified_gmt":"2026-03-19T14:42:24","slug":"aviso-legal","status":"publish","type":"page","link":"https:\/\/hycleaner.de\/es\/aviso-legal\/","title":{"rendered":"Aviso legal"},"content":{"rendered":"\t\t<div data-elementor-type=\"wp-page\" data-elementor-id=\"14397\" class=\"elementor elementor-14397 elementor-2545\" data-elementor-post-type=\"page\">\n\t\t\t\t<div class=\"elementor-element elementor-element-aa2542d e-con-full e-flex e-con e-parent\" data-id=\"aa2542d\" data-element_type=\"container\" data-e-type=\"container\">\n\t\t\t\t<div class=\"elementor-element elementor-element-6fb6bb3 elementor-widget elementor-widget-heading\" data-id=\"6fb6bb3\" data-element_type=\"widget\" data-e-type=\"widget\" data-widget_type=\"heading.default\">\n\t\t\t\t<div class=\"elementor-widget-container\">\n\t\t\t\t\t<h1 class=\"elementor-heading-title elementor-size-default\">Aviso legal<\/h1>\t\t\t\t<\/div>\n\t\t\t\t<\/div>\n\t\t\t\t<div class=\"elementor-element elementor-element-21047dc elementor-widget elementor-widget-text-editor\" data-id=\"21047dc\" data-element_type=\"widget\" data-e-type=\"widget\" data-widget_type=\"text-editor.default\">\n\t\t\t\t<div class=\"elementor-widget-container\">\n\t\t\t\t\t\t\t\t\t<p><strong>Informaci\u00f3n conforme al art\u00edculo 5 de la Ley de Servicios Digitales (DDG)<\/strong><\/p>\t\t\t\t\t\t\t\t<\/div>\n\t\t\t\t<\/div>\n\t\t\t\t<\/div>\n\t\t<div class=\"elementor-element elementor-element-1391edb e-con-full e-flex e-con e-parent\" data-id=\"1391edb\" data-element_type=\"container\" data-e-type=\"container\" data-settings=\"{&quot;background_background&quot;:&quot;classic&quot;}\">\n\t\t\t\t<div class=\"elementor-element elementor-element-ebf860e elementor-widget elementor-widget-text-editor\" data-id=\"ebf860e\" data-element_type=\"widget\" data-e-type=\"widget\" data-widget_type=\"text-editor.default\">\n\t\t\t\t<div class=\"elementor-widget-container\">\n\t\t\t\t\t\t\t\t\t<p>hyCLEANER GmbH &amp; Co. KG<br>Maybachstra\u00dfe 6<br>D-48599 Gronau<br>Alemania<\/p><p>Tel\u00e9fono: +49 2562 99254 0<br>Fax: +49 2562 99254 10<br>Correo electr\u00f3nico: <a href=\"mailto:info@hycleaner.de\">info@hycleaner.de<\/a><br>Web: <a href=\"https:\/\/hycleaner.de\/es\/\" target=\"_blank\" rel=\"noopener\">https:\/\/hycleaner.de<\/a><\/p><h2>Representantes autorizados<\/h2><p>Gerentes\/as con poder de representaci\u00f3n de la GmbH complementaria:<br>Celina Kneiber, Josha Kneiber<\/p><h2>Inscripci\u00f3n en el registro<\/h2><p>Inscrita en el Registro Mercantil del Juzgado de Primera Instancia de Coesfeld<br>N\u00famero de registro: HRA 9709 (hyCLEANER GmbH &amp; Co. KG)<\/p><p>Socia personalmente responsable (complementaria):<br>hyCLEANER Verwaltungs-GmbH<br>Maybachstra\u00dfe 6, 48599 Gronau<br>Tribunal de registro: Juzgado de Primera Instancia de Coesfeld<br>N\u00famero de registro: HRB 21182<\/p><h2>N\u00famero de identificaci\u00f3n fiscal<\/h2><p>N\u00famero de identificaci\u00f3n a efectos del IVA seg\u00fan el art\u00edculo 27a de la Ley del IVA: DE278650563<\/p><h2>Responsable del contenido seg\u00fan el art\u00edculo 18, apartado 2, MStV <\/h2><p>hyCLEANER GmbH &amp; Co. KG<br>Maybachstra\u00dfe 6<br>D-48599 Gronau<\/p><h2>Resoluci\u00f3n de litigios en materia de consumo \/ Organismo de conciliaci\u00f3n universal<\/h2><p>No estamos dispuestos ni obligados a participar en procedimientos de resoluci\u00f3n de litigios ante un organismo de conciliaci\u00f3n para el consumidor.<\/p><h2>Exclusi\u00f3n de responsabilidad (Disclaimer)<\/h2><h3>Responsabilidad por el contenido<\/h3><p>Como proveedores de servicios, somos responsables de los contenidos propios de estas p\u00e1ginas de acuerdo con el art\u00edculo 7, apartado 1, de la DDG (antes TMG) y la legislaci\u00f3n general.<br>No obstante, de acuerdo con los art\u00edculos 8 a 10 de la DDG, no estamos obligados a supervisar la informaci\u00f3n ajena transmitida o almacenada ni a investigar las circunstancias que indiquen una actividad ilegal.<br>Las obligaciones de eliminar o bloquear el uso de la informaci\u00f3n en virtud de la legislaci\u00f3n general no se ver\u00e1n afectadas por ello.<br>Sin embargo, la responsabilidad solo es posible a partir del momento en que se tiene conocimiento de una infracci\u00f3n legal concreta.<br>En caso de que tengamos conocimiento de alguna infracci\u00f3n legal, eliminaremos dicho contenido de inmediato. <\/p><h3>Responsabilidad por los enlaces<\/h3><p>Nuestra oferta contiene enlaces a sitios web externos de terceros sobre cuyos contenidos no tenemos ninguna influencia.<br>Por lo tanto, no podemos asumir ninguna responsabilidad por estos contenidos ajenos.<br>El proveedor u operador de las p\u00e1ginas enlazadas es siempre responsable de su contenido.<br>En el momento de la vinculaci\u00f3n, las p\u00e1ginas enlazadas fueron revisadas para detectar posibles infracciones legales; en ese momento no se detect\u00f3 ning\u00fan contenido ilegal.<br>Sin embargo, no es razonable realizar un control permanente del contenido de las p\u00e1ginas enlazadas sin indicios concretos de una infracci\u00f3n legal.<br>En caso de que tengamos conocimiento de alguna infracci\u00f3n legal, eliminaremos dichos enlaces de inmediato.<\/p><h2>Derechos de autor<\/h2><p>Los contenidos y obras creados por los operadores de las p\u00e1ginas en estas p\u00e1ginas est\u00e1n sujetos a la ley alemana de derechos de autor.<br>La reproducci\u00f3n, el procesamiento, la distribuci\u00f3n y cualquier tipo de explotaci\u00f3n fuera de los l\u00edmites de la ley de derechos de autor requieren el consentimiento por escrito del autor respectivo.<br>Las descargas y copias de esta p\u00e1gina solo est\u00e1n permitidas para uso privado, no comercial.<br>En la medida en que los contenidos de esta p\u00e1gina no hayan sido creados por el operador, se respetar\u00e1n los derechos de autor de terceros y los contenidos de terceros se identificar\u00e1n como tales.<br>Si, a pesar de ello, observa alguna infracci\u00f3n de los derechos de autor, le rogamos que nos lo comunique.<br>En caso de que tengamos conocimiento de alguna infracci\u00f3n legal, eliminaremos dicho contenido de inmediato.<\/p><h2>Cr\u00e9ditos de las im\u00e1genes<\/h2><p>Las im\u00e1genes utilizadas en este sitio web proceden de:<br>\u2013 hyCLEANER GmbH &amp; Co. KG<br>\u2013 iStockphoto LP<br>\u2013 Fotolia.com<\/p><h2>Validez legal de este aviso legal<\/h2><p>Este aviso legal tambi\u00e9n se aplica a las siguientes presencias en l\u00ednea y perfiles de redes sociales de hyCLEANER GmbH &amp; Co. KG, si los hubiera:<br>\u2013 <a href=\"https:\/\/www.instagram.com\/hycleaner\" target=\"_blank\" rel=\"noopener\">Instagram<\/a><br>\u2013 <a href=\"https:\/\/www.linkedin.com\/company\/hycleaner\" target=\"_blank\" rel=\"noopener\">LinkedIn<\/a><br>\u2013 <a href=\"https:\/\/www.youtube.com\/@hycleaner\" target=\"_blank\" rel=\"noopener\">YouTube<\/a><\/p><p>\u00a9 2025 hyCLEANER GmbH &amp; Co. KG. Reservados todos los derechos. <\/p>\t\t\t\t\t\t\t\t<\/div>\n\t\t\t\t<\/div>\n\t\t\t\t<\/div>\n\t\t\t\t<\/div>\n\t\t","protected":false},"excerpt":{"rendered":"<p>Aviso legal Informaci\u00f3n conforme al art\u00edculo 5 de la Ley de Servicios Digitales (DDG) hyCLEANER GmbH &amp; Co. KGMaybachstra\u00dfe 6D-48599 GronauAlemania Tel\u00e9fono: +49 2562 99254 0Fax: +49 2562 99254 10Correo electr\u00f3nico: info@hycleaner.deWeb: https:\/\/hycleaner.de Representantes autorizados Gerentes\/as con poder de representaci\u00f3n de la GmbH complementaria:Celina Kneiber, Josha Kneiber Inscripci\u00f3n en el registro Inscrita en el Registro [&hellip;]<\/p>\n","protected":false},"author":1,"featured_media":0,"parent":0,"menu_order":100,"comment_status":"closed","ping_status":"closed","template":"","meta":{"footnotes":"","_links_to":"","_links_to_target":""},"class_list":["post-14397","page","type-page","status-publish","hentry"],"yoast_head":"<!-- This site is optimized with the Yoast SEO Premium plugin v27.3 (Yoast SEO v27.3) - https:\/\/yoast.com\/product\/yoast-seo-premium-wordpress\/ -->\n<title>Aviso legal | hyCLEANER<\/title>\n<meta name=\"description\" content=\"Aviso legal de hyCLEANER GmbH &amp; Co. KG con informaci\u00f3n de contacto, representaci\u00f3n, datos de registro e indicaciones de responsabilidad seg\u00fan la identificaci\u00f3n legal del proveedor.\" \/>\n<meta name=\"robots\" content=\"noindex, nofollow\" \/>\n<meta property=\"og:locale\" content=\"es_ES\" \/>\n<meta property=\"og:type\" content=\"article\" \/>\n<meta property=\"og:title\" content=\"Aviso legal\" \/>\n<meta property=\"og:description\" content=\"Aviso legal de hyCLEANER GmbH &amp; Co. KG con informaci\u00f3n de contacto, representaci\u00f3n, datos de registro e indicaciones de responsabilidad seg\u00fan la identificaci\u00f3n legal del proveedor.\" \/>\n<meta property=\"og:url\" content=\"https:\/\/hycleaner.de\/es\/aviso-legal\/\" \/>\n<meta property=\"og:site_name\" content=\"hyCLEANER\u00ae\" \/>\n<meta property=\"article:modified_time\" content=\"2026-03-19T14:42:24+00:00\" \/>\n<meta name=\"twitter:card\" content=\"summary_large_image\" \/>\n<script type=\"application\/ld+json\" class=\"yoast-schema-graph\">{\"@context\":\"https:\\\/\\\/schema.org\",\"@graph\":[{\"@type\":\"WebPage\",\"@id\":\"https:\\\/\\\/hycleaner.de\\\/es\\\/aviso-legal\\\/\",\"url\":\"https:\\\/\\\/hycleaner.de\\\/es\\\/aviso-legal\\\/\",\"name\":\"Aviso legal | hyCLEANER\",\"isPartOf\":{\"@id\":\"https:\\\/\\\/hycleaner.de\\\/es\\\/#website\"},\"datePublished\":\"2025-09-23T09:52:57+00:00\",\"dateModified\":\"2026-03-19T14:42:24+00:00\",\"description\":\"Aviso legal de hyCLEANER GmbH & Co. KG con informaci\u00f3n de contacto, representaci\u00f3n, datos de registro e indicaciones de responsabilidad seg\u00fan la identificaci\u00f3n legal del proveedor.\",\"breadcrumb\":{\"@id\":\"https:\\\/\\\/hycleaner.de\\\/es\\\/aviso-legal\\\/#breadcrumb\"},\"inLanguage\":\"es\",\"potentialAction\":[{\"@type\":\"ReadAction\",\"target\":[\"https:\\\/\\\/hycleaner.de\\\/es\\\/aviso-legal\\\/\"]}]},{\"@type\":\"BreadcrumbList\",\"@id\":\"https:\\\/\\\/hycleaner.de\\\/es\\\/aviso-legal\\\/#breadcrumb\",\"itemListElement\":[{\"@type\":\"ListItem\",\"position\":1,\"name\":\"Startseite\",\"item\":\"https:\\\/\\\/hycleaner.de\\\/es\\\/inicio\\\/\"},{\"@type\":\"ListItem\",\"position\":2,\"name\":\"Aviso legal\"}]},{\"@type\":\"WebSite\",\"@id\":\"https:\\\/\\\/hycleaner.de\\\/es\\\/#website\",\"url\":\"https:\\\/\\\/hycleaner.de\\\/es\\\/\",\"name\":\"hyCLEANER\u00ae\",\"description\":\"Experte f\u00fcr Reinigungsroboter\",\"publisher\":{\"@id\":\"https:\\\/\\\/hycleaner.de\\\/es\\\/#organization\"},\"potentialAction\":[{\"@type\":\"SearchAction\",\"target\":{\"@type\":\"EntryPoint\",\"urlTemplate\":\"https:\\\/\\\/hycleaner.de\\\/es\\\/?s={search_term_string}\"},\"query-input\":{\"@type\":\"PropertyValueSpecification\",\"valueRequired\":true,\"valueName\":\"search_term_string\"}}],\"inLanguage\":\"es\"},{\"@type\":\"Organization\",\"@id\":\"https:\\\/\\\/hycleaner.de\\\/es\\\/#organization\",\"name\":\"hyCLEANER\u00ae\",\"url\":\"https:\\\/\\\/hycleaner.de\\\/es\\\/\",\"logo\":{\"@type\":\"ImageObject\",\"inLanguage\":\"es\",\"@id\":\"https:\\\/\\\/hycleaner.de\\\/es\\\/#\\\/schema\\\/logo\\\/image\\\/\",\"url\":\"https:\\\/\\\/hycleaner.de\\\/wp-content\\\/uploads\\\/2026\\\/02\\\/logos-miete-hyc-470x200-1.webp\",\"contentUrl\":\"https:\\\/\\\/hycleaner.de\\\/wp-content\\\/uploads\\\/2026\\\/02\\\/logos-miete-hyc-470x200-1.webp\",\"width\":470,\"height\":200,\"caption\":\"hyCLEANER\u00ae\"},\"image\":{\"@id\":\"https:\\\/\\\/hycleaner.de\\\/es\\\/#\\\/schema\\\/logo\\\/image\\\/\"}}]}<\/script>\n<!-- \/ Yoast SEO Premium plugin. -->","yoast_head_json":{"title":"Aviso legal | hyCLEANER","description":"Aviso legal de hyCLEANER GmbH & Co. KG con informaci\u00f3n de contacto, representaci\u00f3n, datos de registro e indicaciones de responsabilidad seg\u00fan la identificaci\u00f3n legal del proveedor.","robots":{"index":"noindex","follow":"nofollow"},"og_locale":"es_ES","og_type":"article","og_title":"Aviso legal","og_description":"Aviso legal de hyCLEANER GmbH & Co. KG con informaci\u00f3n de contacto, representaci\u00f3n, datos de registro e indicaciones de responsabilidad seg\u00fan la identificaci\u00f3n legal del proveedor.","og_url":"https:\/\/hycleaner.de\/es\/aviso-legal\/","og_site_name":"hyCLEANER\u00ae","article_modified_time":"2026-03-19T14:42:24+00:00","twitter_card":"summary_large_image","schema":{"@context":"https:\/\/schema.org","@graph":[{"@type":"WebPage","@id":"https:\/\/hycleaner.de\/es\/aviso-legal\/","url":"https:\/\/hycleaner.de\/es\/aviso-legal\/","name":"Aviso legal | hyCLEANER","isPartOf":{"@id":"https:\/\/hycleaner.de\/es\/#website"},"datePublished":"2025-09-23T09:52:57+00:00","dateModified":"2026-03-19T14:42:24+00:00","description":"Aviso legal de hyCLEANER GmbH & Co. KG con informaci\u00f3n de contacto, representaci\u00f3n, datos de registro e indicaciones de responsabilidad seg\u00fan la identificaci\u00f3n legal del proveedor.","breadcrumb":{"@id":"https:\/\/hycleaner.de\/es\/aviso-legal\/#breadcrumb"},"inLanguage":"es","potentialAction":[{"@type":"ReadAction","target":["https:\/\/hycleaner.de\/es\/aviso-legal\/"]}]},{"@type":"BreadcrumbList","@id":"https:\/\/hycleaner.de\/es\/aviso-legal\/#breadcrumb","itemListElement":[{"@type":"ListItem","position":1,"name":"Startseite","item":"https:\/\/hycleaner.de\/es\/inicio\/"},{"@type":"ListItem","position":2,"name":"Aviso legal"}]},{"@type":"WebSite","@id":"https:\/\/hycleaner.de\/es\/#website","url":"https:\/\/hycleaner.de\/es\/","name":"hyCLEANER\u00ae","description":"Experte f\u00fcr Reinigungsroboter","publisher":{"@id":"https:\/\/hycleaner.de\/es\/#organization"},"potentialAction":[{"@type":"SearchAction","target":{"@type":"EntryPoint","urlTemplate":"https:\/\/hycleaner.de\/es\/?s={search_term_string}"},"query-input":{"@type":"PropertyValueSpecification","valueRequired":true,"valueName":"search_term_string"}}],"inLanguage":"es"},{"@type":"Organization","@id":"https:\/\/hycleaner.de\/es\/#organization","name":"hyCLEANER\u00ae","url":"https:\/\/hycleaner.de\/es\/","logo":{"@type":"ImageObject","inLanguage":"es","@id":"https:\/\/hycleaner.de\/es\/#\/schema\/logo\/image\/","url":"https:\/\/hycleaner.de\/wp-content\/uploads\/2026\/02\/logos-miete-hyc-470x200-1.webp","contentUrl":"https:\/\/hycleaner.de\/wp-content\/uploads\/2026\/02\/logos-miete-hyc-470x200-1.webp","width":470,"height":200,"caption":"hyCLEANER\u00ae"},"image":{"@id":"https:\/\/hycleaner.de\/es\/#\/schema\/logo\/image\/"}}]}},"_links":{"self":[{"href":"https:\/\/hycleaner.de\/es\/wp-json\/wp\/v2\/pages\/14397","targetHints":{"allow":["GET"]}}],"collection":[{"href":"https:\/\/hycleaner.de\/es\/wp-json\/wp\/v2\/pages"}],"about":[{"href":"https:\/\/hycleaner.de\/es\/wp-json\/wp\/v2\/types\/page"}],"author":[{"embeddable":true,"href":"https:\/\/hycleaner.de\/es\/wp-json\/wp\/v2\/users\/1"}],"replies":[{"embeddable":true,"href":"https:\/\/hycleaner.de\/es\/wp-json\/wp\/v2\/comments?post=14397"}],"version-history":[{"count":0,"href":"https:\/\/hycleaner.de\/es\/wp-json\/wp\/v2\/pages\/14397\/revisions"}],"wp:attachment":[{"href":"https:\/\/hycleaner.de\/es\/wp-json\/wp\/v2\/media?parent=14397"}],"curies":[{"name":"wp","href":"https:\/\/api.w.org\/{rel}","templated":true}]}}