{"id":11969,"date":"2025-09-23T11:53:10","date_gmt":"2025-09-23T09:53:10","guid":{"rendered":"https:\/\/de.hycleaner-eu.de\/protection-des-donnees\/"},"modified":"2026-03-19T15:42:25","modified_gmt":"2026-03-19T14:42:25","slug":"protection-des-donnees","status":"publish","type":"page","link":"https:\/\/hycleaner.de\/fr\/protection-des-donnees\/","title":{"rendered":"Protection des donn\u00e9es"},"content":{"rendered":"\t\t<div data-elementor-type=\"wp-page\" data-elementor-id=\"11969\" class=\"elementor elementor-11969 elementor-2546\" data-elementor-post-type=\"page\">\n\t\t\t\t<div class=\"elementor-element elementor-element-da1a224 e-con-full e-flex e-con e-parent\" data-id=\"da1a224\" data-element_type=\"container\" data-e-type=\"container\">\n\t\t\t\t<div class=\"elementor-element elementor-element-24fb5f3 elementor-widget elementor-widget-heading\" data-id=\"24fb5f3\" data-element_type=\"widget\" data-e-type=\"widget\" data-widget_type=\"heading.default\">\n\t\t\t\t<div class=\"elementor-widget-container\">\n\t\t\t\t\t<h1 class=\"elementor-heading-title elementor-size-default\">D\u00e9claration de protection des donn\u00e9es<\/h1>\t\t\t\t<\/div>\n\t\t\t\t<\/div>\n\t\t\t\t<\/div>\n\t\t<div class=\"elementor-element elementor-element-c345b5a e-con-full e-flex e-con e-parent\" data-id=\"c345b5a\" data-element_type=\"container\" data-e-type=\"container\" data-settings=\"{&quot;background_background&quot;:&quot;classic&quot;}\">\n\t\t\t\t<div class=\"elementor-element elementor-element-0fc27cf elementor-widget elementor-widget-text-editor\" data-id=\"0fc27cf\" data-element_type=\"widget\" data-e-type=\"widget\" data-widget_type=\"text-editor.default\">\n\t\t\t\t<div class=\"elementor-widget-container\">\n\t\t\t\t\t\t\t\t\t<h2>1. Informations g\u00e9n\u00e9rales<\/h2><p>Les op\u00e9rateurs de ce site web prennent tr\u00e8s au s\u00e9rieux la protection de vos donn\u00e9es personnelles. Nous traitons vos donn\u00e9es personnelles de mani\u00e8re confidentielle et conform\u00e9ment aux dispositions l\u00e9gales en mati\u00e8re de protection des donn\u00e9es ainsi qu&rsquo;\u00e0 la pr\u00e9sente d\u00e9claration de confidentialit\u00e9. <\/p><p>L&rsquo;utilisation de notre site web est g\u00e9n\u00e9ralement possible sans indication de donn\u00e9es personnelles. Dans la mesure o\u00f9 des donn\u00e9es personnelles (par exemple, nom, adresse ou adresse e-mail) sont collect\u00e9es, cela se fait toujours sur une base volontaire, dans la mesure du possible. Ces donn\u00e9es ne seront pas transmises \u00e0 des tiers sans votre consentement explicite.  <\/p><p>Nous attirons votre attention sur le fait que la transmission de donn\u00e9es sur Internet (par exemple, lors de la communication par e-mail) peut pr\u00e9senter des failles de s\u00e9curit\u00e9. Une protection compl\u00e8te des donn\u00e9es contre l&rsquo;acc\u00e8s par des tiers n&rsquo;est pas possible. <\/p><h2>2. Organisme responsable<\/h2><p>hyCLEANER GmbH &amp; Co. KG<br>Maybachstra\u00dfe 6<br>D-48599 Gronau, Allemagne<\/p><p>T\u00e9l\u00e9phone : +49 2562 99254 0<br>T\u00e9l\u00e9copie : +49 2562 99254 10<br>E-mail : info@hycleaner.de<br>Site web : <a href=\"https:\/\/www.hycleaner.de\" target=\"_blank\" rel=\"noopener\">www.hycleaner.de<\/a><\/p><h2>3. Collecte de donn\u00e9es sur notre site web<\/h2><h3>3.1 Cookies<\/h3><p>Nos pages Internet utilisent en partie des cookies. Les cookies ne causent aucun dommage \u00e0 votre terminal et ne contiennent aucun virus. Ils servent \u00e0 rendre notre offre plus conviviale, plus efficace et plus s\u00fbre.<br>La plupart des cookies sont des cookies de session qui sont automatiquement supprim\u00e9s \u00e0 la fin de votre visite. D&rsquo;autres cookies restent stock\u00e9s sur votre terminal jusqu&rsquo;\u00e0 ce que vous les supprimiez.<br>Vous pouvez configurer votre navigateur de mani\u00e8re \u00e0 \u00eatre inform\u00e9 de l&rsquo;installation de cookies, \u00e0 n&rsquo;autoriser les cookies que dans des cas individuels ou \u00e0 activer la suppression automatique lors de la fermeture du navigateur. La d\u00e9sactivation des cookies peut limiter la fonctionnalit\u00e9 de ce site web.    <\/p><h3>3.2 Fichiers journaux du serveur<\/h3><p>Le fournisseur de nos pages collecte et enregistre automatiquement des informations dans des fichiers journaux de serveur, que votre navigateur transmet automatiquement. Cela comprend :<br>\u2013 Type et version du navigateur<br>\u2013 Syst\u00e8me d&rsquo;exploitation utilis\u00e9<br>\u2013 URL de r\u00e9f\u00e9rence<br>\u2013 Nom d&rsquo;h\u00f4te de l&rsquo;ordinateur acc\u00e9dant<br>\u2013 Heure de la requ\u00eate du serveur<br>Ces donn\u00e9es ne sont pas attribuables \u00e0 des personnes sp\u00e9cifiques. Ces donn\u00e9es ne sont pas fusionn\u00e9es avec d&rsquo;autres sources de donn\u00e9es.  <\/p><h3>3.3 Informations techniques g\u00e9n\u00e9rales<\/h3><p>Lors de l&rsquo;acc\u00e8s \u00e0 notre site web, des informations techniques (fichiers journaux du serveur) sont automatiquement collect\u00e9es, par exemple le type de navigateur, le syst\u00e8me d&rsquo;exploitation ou le nom de domaine de votre fournisseur d&rsquo;acc\u00e8s \u00e0 Internet. Ces informations ne permettent pas de vous identifier et servent \u00e0 la s\u00e9curit\u00e9, \u00e0 la stabilit\u00e9 et \u00e0 l&rsquo;optimisation de notre pr\u00e9sence en ligne.<br>Le traitement est effectu\u00e9 sur la base de notre int\u00e9r\u00eat l\u00e9gitime conform\u00e9ment \u00e0 l&rsquo;art. 6 al. 1 let. f RGPD.   <\/p><h3>3.4 Formulaire de contact<\/h3><p>Si vous nous envoyez des demandes via le formulaire de contact, vos coordonn\u00e9es, y compris les coordonn\u00e9es que vous avez fournies, seront stock\u00e9es pour le traitement de votre demande et en cas de questions compl\u00e9mentaires. Nous ne transmettons pas ces donn\u00e9es sans votre consentement. <\/p><h2>4. Utilisation de services externes<\/h2><h3>4.1 Google Analytics<\/h3><p>Ce site web utilise les fonctions du service d&rsquo;analyse web Google Analytics. Le fournisseur est Google Inc., 1600 Amphitheatre Parkway, Mountain View, CA 94043, USA.<br>Google Analytics utilise des cookies qui permettent d&rsquo;analyser l&rsquo;utilisation du site web. Les informations ainsi g\u00e9n\u00e9r\u00e9es sont g\u00e9n\u00e9ralement transmises \u00e0 un serveur de Google aux \u00c9tats-Unis et y sont stock\u00e9es.<br>Plus d&rsquo;informations : <a href=\"https:\/\/www.google.com\/policies\/privacy\/\" target=\"_blank\" rel=\"noopener\">https:\/\/www.google.com\/policies\/privacy\/<\/a> <\/p><h3>4.2 Instagram<\/h3><p>Des fonctions du service Instagram sont int\u00e9gr\u00e9es \u00e0 nos pages. Le fournisseur est Instagram Inc., 1601 Willow Road, Menlo Park, CA 94025, USA.<br>Si vous \u00eates connect\u00e9 \u00e0 votre compte Instagram, vous pouvez lier le contenu de nos pages \u00e0 votre profil en cliquant sur le bouton Instagram. Instagram peut ainsi attribuer la visite de nos pages \u00e0 votre compte d&rsquo;utilisateur.<br>Plus d&rsquo;informations : <a href=\"https:\/\/instagram.com\/about\/legal\/privacy\/\" target=\"_blank\" rel=\"noopener\">https:\/\/instagram.com\/about\/legal\/privacy\/<\/a> <\/p><h3>4.3 LinkedIn<\/h3><p>Notre site web utilise les fonctions du r\u00e9seau LinkedIn. Le fournisseur est LinkedIn Corporation, 2029 Stierlin Court, Mountain View, CA 94043, USA.<br>\u00c0 chaque consultation d&rsquo;une page contenant des fonctions LinkedIn, une connexion aux serveurs de LinkedIn est \u00e9tablie. LinkedIn peut ainsi attribuer votre visite \u00e0 votre compte d&rsquo;utilisateur, \u00e0 condition que vous soyez connect\u00e9.<br>Plus d&rsquo;informations : <a href=\"https:\/\/www.linkedin.com\/legal\/privacy-policy\" target=\"_blank\" rel=\"noopener\">https:\/\/www.linkedin.com\/legal\/privacy-policy<\/a>  <\/p><h3>4.4 YouTube<\/h3><p>Notre site web utilise des plugins de la plateforme YouTube exploit\u00e9e par Google. Le fournisseur est YouTube LLC, 901 Cherry Ave., San Bruno, CA 94066, USA.<br>Lors de la visite d&rsquo;une page avec un plugin YouTube int\u00e9gr\u00e9, une connexion \u00e0 YouTube est \u00e9tablie. Si vous \u00eates connect\u00e9 \u00e0 votre compte YouTube, YouTube peut attribuer directement votre comportement de navigation \u00e0 votre profil.<br>Plus d&rsquo;informations : <a href=\"https:\/\/www.google.de\/intl\/de\/policies\/privacy\/\" target=\"_blank\" rel=\"noopener\">https:\/\/www.google.de\/intl\/de\/policies\/privacy\/<\/a> <\/p><h3>4.5 Google Webfonts<\/h3><p>Pour une pr\u00e9sentation uniforme, nous utilisons Google Webfonts. Le fournisseur est Google LLC. Lors de la consultation de notre site web, une connexion aux serveurs de Google est \u00e9tablie pour charger les polices.<br>D\u00e9claration de confidentialit\u00e9 : <a href=\"https:\/\/www.google.com\/policies\/privacy\/\" target=\"_blank\" rel=\"noopener\">https:\/\/www.google.com\/policies\/privacy\/<\/a>  <\/p><h2>5. H\u00e9bergement<\/h2><p>Nos prestations d&rsquo;h\u00e9bergement servent \u00e0 la mise \u00e0 disposition de services d&rsquo;infrastructure, de stockage et de s\u00e9curit\u00e9 ainsi qu&rsquo;\u00e0 la maintenance technique.<br>Ce faisant, nous traitons \u2013 ou notre fournisseur d&rsquo;h\u00e9bergement \u2013 les donn\u00e9es d&rsquo;inventaire, de contact, de contenu, de contrat, d&rsquo;utilisation, de m\u00e9ta et de communication sur la base de notre int\u00e9r\u00eat l\u00e9gitime conform\u00e9ment \u00e0 l&rsquo;art. 6 al. 1 let. f RGPD i.V.m. Art. 28 RGPD.  <\/p><h2>6. S\u00e9curit\u00e9 gr\u00e2ce au cryptage SSL<\/h2><p>Cette page utilise un cryptage SSL. Vous reconnaissez une connexion crypt\u00e9e \u00e0 \u00ab https:\/\/ \u00bb ainsi qu&rsquo;au symbole du cadenas dans la barre du navigateur. Si le cryptage SSL est activ\u00e9, les donn\u00e9es que vous nous transmettez ne peuvent pas \u00eatre lues par des tiers.  <\/p><h2>7. Droits des personnes concern\u00e9es<\/h2><p>Vous avez \u00e0 tout moment le droit de<br>\u2013 Demander des renseignements sur vos donn\u00e9es stock\u00e9es<br>\u2013 Rectifier des donn\u00e9es incorrectes<br>\u2013 Supprimer vos donn\u00e9es<br>\u2013 Limiter le traitement<br>\u2013 Transf\u00e9rer vos donn\u00e9es<br>\u2013 Vous opposer au traitement<br>Pour faire valoir ces droits, vous pouvez nous contacter \u00e0 tout moment.<\/p><h2>8. Droit de recours<\/h2><p>En cas de violation du droit de la protection des donn\u00e9es, vous avez le droit de d\u00e9poser une plainte aupr\u00e8s de l&rsquo;autorit\u00e9 de surveillance comp\u00e9tente en mati\u00e8re de protection des donn\u00e9es.<\/p><h2>9. Opposition aux e-mails publicitaires<\/h2><p>L&rsquo;utilisation des donn\u00e9es de contact publi\u00e9es dans le cadre des mentions l\u00e9gales pour l&rsquo;envoi de publicit\u00e9 et de mat\u00e9riel d&rsquo;information non express\u00e9ment demand\u00e9s est express\u00e9ment interdite. Les exploitants se r\u00e9servent le droit d&rsquo;engager des poursuites judiciaires en cas d&rsquo;envoi non sollicit\u00e9 d&rsquo;informations publicitaires. <\/p><h2>10. Traitement des donn\u00e9es selon l&rsquo;art. 6 al. 1 let. b RGPD  <\/h2><p>La collecte et le traitement des donn\u00e9es personnelles sont effectu\u00e9s pour l&rsquo;ex\u00e9cution d&rsquo;un contrat ou pour la mise en \u0153uvre de mesures pr\u00e9contractuelles conform\u00e9ment \u00e0 l&rsquo;art. 6 al. 1 let. b RGPD.  <\/p><h2>11. Modifications de la pr\u00e9sente d\u00e9claration de confidentialit\u00e9<\/h2><p>Nous nous r\u00e9servons le droit de modifier \u00e0 tout moment la pr\u00e9sente d\u00e9claration de confidentialit\u00e9 afin qu&rsquo;elle corresponde toujours aux exigences l\u00e9gales actuelles ou qu&rsquo;elle tienne compte des modifications de nos prestations.<\/p><p>Date : octobre 2025<br>Site web : <a href=\"https:\/\/hycleaner.de\/fr\/\" target=\"_blank\" rel=\"noopener\">https:\/\/hycleaner.de<\/a><\/p>\t\t\t\t\t\t\t\t<\/div>\n\t\t\t\t<\/div>\n\t\t\t\t<\/div>\n\t\t\t\t<\/div>\n\t\t","protected":false},"excerpt":{"rendered":"<p>D\u00e9claration de protection des donn\u00e9es 1. Informations g\u00e9n\u00e9rales Les op\u00e9rateurs de ce site web prennent tr\u00e8s au s\u00e9rieux la protection de vos donn\u00e9es personnelles. Nous traitons vos donn\u00e9es personnelles de mani\u00e8re confidentielle et conform\u00e9ment aux dispositions l\u00e9gales en mati\u00e8re de protection des donn\u00e9es ainsi qu&rsquo;\u00e0 la pr\u00e9sente d\u00e9claration de confidentialit\u00e9. L&rsquo;utilisation de notre site web [&hellip;]<\/p>\n","protected":false},"author":1,"featured_media":0,"parent":0,"menu_order":101,"comment_status":"closed","ping_status":"closed","template":"","meta":{"footnotes":"","_links_to":"","_links_to_target":""},"class_list":["post-11969","page","type-page","status-publish","hentry"],"yoast_head":"<!-- This site is optimized with the Yoast SEO Premium plugin v27.2 (Yoast SEO v27.2) - https:\/\/yoast.com\/product\/yoast-seo-premium-wordpress\/ -->\n<title>Confidentialit\u00e9 | hyCLEANER<\/title>\n<meta name=\"description\" content=\"D\u00e9couvrez comment hyCLEANER prot\u00e8ge vos donn\u00e9es personnelles conform\u00e9ment au RGPD. Informations sur la collecte de donn\u00e9es, l&#039;utilisation et vos droits.\" \/>\n<meta name=\"robots\" content=\"noindex, nofollow\" \/>\n<meta property=\"og:locale\" content=\"fr_FR\" \/>\n<meta property=\"og:type\" content=\"article\" \/>\n<meta property=\"og:title\" content=\"Protection des donn\u00e9es\" \/>\n<meta property=\"og:description\" content=\"D\u00e9couvrez comment hyCLEANER prot\u00e8ge vos donn\u00e9es personnelles conform\u00e9ment au RGPD. Informations sur la collecte de donn\u00e9es, l&#039;utilisation et vos droits.\" \/>\n<meta property=\"og:url\" content=\"https:\/\/hycleaner.de\/fr\/protection-des-donnees\/\" \/>\n<meta property=\"og:site_name\" content=\"hyCLEANER\u00ae\" \/>\n<meta property=\"article:modified_time\" content=\"2026-03-19T14:42:25+00:00\" \/>\n<meta name=\"twitter:card\" content=\"summary_large_image\" \/>\n<script type=\"application\/ld+json\" class=\"yoast-schema-graph\">{\"@context\":\"https:\/\/schema.org\",\"@graph\":[{\"@type\":\"WebPage\",\"@id\":\"https:\/\/hycleaner.de\/fr\/protection-des-donnees\/\",\"url\":\"https:\/\/hycleaner.de\/fr\/protection-des-donnees\/\",\"name\":\"Confidentialit\u00e9 | hyCLEANER\",\"isPartOf\":{\"@id\":\"https:\/\/hycleaner.de\/fr\/#website\"},\"datePublished\":\"2025-09-23T09:53:10+00:00\",\"dateModified\":\"2026-03-19T14:42:25+00:00\",\"description\":\"D\u00e9couvrez comment hyCLEANER prot\u00e8ge vos donn\u00e9es personnelles conform\u00e9ment au RGPD. Informations sur la collecte de donn\u00e9es, l'utilisation et vos droits.\",\"breadcrumb\":{\"@id\":\"https:\/\/hycleaner.de\/fr\/protection-des-donnees\/#breadcrumb\"},\"inLanguage\":\"fr-FR\",\"potentialAction\":[{\"@type\":\"ReadAction\",\"target\":[\"https:\/\/hycleaner.de\/fr\/protection-des-donnees\/\"]}]},{\"@type\":\"BreadcrumbList\",\"@id\":\"https:\/\/hycleaner.de\/fr\/protection-des-donnees\/#breadcrumb\",\"itemListElement\":[{\"@type\":\"ListItem\",\"position\":1,\"name\":\"Startseite\",\"item\":\"https:\/\/hycleaner.de\/fr\/\"},{\"@type\":\"ListItem\",\"position\":2,\"name\":\"Protection des donn\u00e9es\"}]},{\"@type\":\"WebSite\",\"@id\":\"https:\/\/hycleaner.de\/fr\/#website\",\"url\":\"https:\/\/hycleaner.de\/fr\/\",\"name\":\"hyCLEANER\u00ae\",\"description\":\"Experte f\u00fcr Reinigungsroboter\",\"publisher\":{\"@id\":\"https:\/\/hycleaner.de\/fr\/#organization\"},\"potentialAction\":[{\"@type\":\"SearchAction\",\"target\":{\"@type\":\"EntryPoint\",\"urlTemplate\":\"https:\/\/hycleaner.de\/fr\/?s={search_term_string}\"},\"query-input\":{\"@type\":\"PropertyValueSpecification\",\"valueRequired\":true,\"valueName\":\"search_term_string\"}}],\"inLanguage\":\"fr-FR\"},{\"@type\":\"Organization\",\"@id\":\"https:\/\/hycleaner.de\/fr\/#organization\",\"name\":\"hyCLEANER\u00ae\",\"url\":\"https:\/\/hycleaner.de\/fr\/\",\"logo\":{\"@type\":\"ImageObject\",\"inLanguage\":\"fr-FR\",\"@id\":\"https:\/\/hycleaner.de\/fr\/#\/schema\/logo\/image\/\",\"url\":\"https:\/\/hycleaner.de\/wp-content\/uploads\/2026\/02\/logos-miete-hyc-470x200-1.webp\",\"contentUrl\":\"https:\/\/hycleaner.de\/wp-content\/uploads\/2026\/02\/logos-miete-hyc-470x200-1.webp\",\"width\":470,\"height\":200,\"caption\":\"hyCLEANER\u00ae\"},\"image\":{\"@id\":\"https:\/\/hycleaner.de\/fr\/#\/schema\/logo\/image\/\"}}]}<\/script>\n<!-- \/ Yoast SEO Premium plugin. -->","yoast_head_json":{"title":"Confidentialit\u00e9 | hyCLEANER","description":"D\u00e9couvrez comment hyCLEANER prot\u00e8ge vos donn\u00e9es personnelles conform\u00e9ment au RGPD. Informations sur la collecte de donn\u00e9es, l'utilisation et vos droits.","robots":{"index":"noindex","follow":"nofollow"},"og_locale":"fr_FR","og_type":"article","og_title":"Protection des donn\u00e9es","og_description":"D\u00e9couvrez comment hyCLEANER prot\u00e8ge vos donn\u00e9es personnelles conform\u00e9ment au RGPD. Informations sur la collecte de donn\u00e9es, l'utilisation et vos droits.","og_url":"https:\/\/hycleaner.de\/fr\/protection-des-donnees\/","og_site_name":"hyCLEANER\u00ae","article_modified_time":"2026-03-19T14:42:25+00:00","twitter_card":"summary_large_image","schema":{"@context":"https:\/\/schema.org","@graph":[{"@type":"WebPage","@id":"https:\/\/hycleaner.de\/fr\/protection-des-donnees\/","url":"https:\/\/hycleaner.de\/fr\/protection-des-donnees\/","name":"Confidentialit\u00e9 | hyCLEANER","isPartOf":{"@id":"https:\/\/hycleaner.de\/fr\/#website"},"datePublished":"2025-09-23T09:53:10+00:00","dateModified":"2026-03-19T14:42:25+00:00","description":"D\u00e9couvrez comment hyCLEANER prot\u00e8ge vos donn\u00e9es personnelles conform\u00e9ment au RGPD. Informations sur la collecte de donn\u00e9es, l'utilisation et vos droits.","breadcrumb":{"@id":"https:\/\/hycleaner.de\/fr\/protection-des-donnees\/#breadcrumb"},"inLanguage":"fr-FR","potentialAction":[{"@type":"ReadAction","target":["https:\/\/hycleaner.de\/fr\/protection-des-donnees\/"]}]},{"@type":"BreadcrumbList","@id":"https:\/\/hycleaner.de\/fr\/protection-des-donnees\/#breadcrumb","itemListElement":[{"@type":"ListItem","position":1,"name":"Startseite","item":"https:\/\/hycleaner.de\/fr\/"},{"@type":"ListItem","position":2,"name":"Protection des donn\u00e9es"}]},{"@type":"WebSite","@id":"https:\/\/hycleaner.de\/fr\/#website","url":"https:\/\/hycleaner.de\/fr\/","name":"hyCLEANER\u00ae","description":"Experte f\u00fcr Reinigungsroboter","publisher":{"@id":"https:\/\/hycleaner.de\/fr\/#organization"},"potentialAction":[{"@type":"SearchAction","target":{"@type":"EntryPoint","urlTemplate":"https:\/\/hycleaner.de\/fr\/?s={search_term_string}"},"query-input":{"@type":"PropertyValueSpecification","valueRequired":true,"valueName":"search_term_string"}}],"inLanguage":"fr-FR"},{"@type":"Organization","@id":"https:\/\/hycleaner.de\/fr\/#organization","name":"hyCLEANER\u00ae","url":"https:\/\/hycleaner.de\/fr\/","logo":{"@type":"ImageObject","inLanguage":"fr-FR","@id":"https:\/\/hycleaner.de\/fr\/#\/schema\/logo\/image\/","url":"https:\/\/hycleaner.de\/wp-content\/uploads\/2026\/02\/logos-miete-hyc-470x200-1.webp","contentUrl":"https:\/\/hycleaner.de\/wp-content\/uploads\/2026\/02\/logos-miete-hyc-470x200-1.webp","width":470,"height":200,"caption":"hyCLEANER\u00ae"},"image":{"@id":"https:\/\/hycleaner.de\/fr\/#\/schema\/logo\/image\/"}}]}},"_links":{"self":[{"href":"https:\/\/hycleaner.de\/fr\/wp-json\/wp\/v2\/pages\/11969","targetHints":{"allow":["GET"]}}],"collection":[{"href":"https:\/\/hycleaner.de\/fr\/wp-json\/wp\/v2\/pages"}],"about":[{"href":"https:\/\/hycleaner.de\/fr\/wp-json\/wp\/v2\/types\/page"}],"author":[{"embeddable":true,"href":"https:\/\/hycleaner.de\/fr\/wp-json\/wp\/v2\/users\/1"}],"replies":[{"embeddable":true,"href":"https:\/\/hycleaner.de\/fr\/wp-json\/wp\/v2\/comments?post=11969"}],"version-history":[{"count":0,"href":"https:\/\/hycleaner.de\/fr\/wp-json\/wp\/v2\/pages\/11969\/revisions"}],"wp:attachment":[{"href":"https:\/\/hycleaner.de\/fr\/wp-json\/wp\/v2\/media?parent=11969"}],"curies":[{"name":"wp","href":"https:\/\/api.w.org\/{rel}","templated":true}]}}